{"id":1399,"date":"2024-08-10T20:22:32","date_gmt":"2024-08-10T18:22:32","guid":{"rendered":"http:\/\/parafiadziadowakloda.pl\/?page_id=1399"},"modified":"2024-08-10T20:40:46","modified_gmt":"2024-08-10T18:40:46","slug":"standardy-ochrony-dzieci-i-mlodziezy","status":"publish","type":"page","link":"http:\/\/parafiadziadowakloda.pl\/?page_id=1399","title":{"rendered":"Ochrona Dzieci"},"content":{"rendered":"\n<p>STANDARDY OCHRONY DZIECI I M\u0141ODZIE\u017bY<\/p>\n\n\n\n<p>Parafii Rzymskokatolickiej NIEPOKALANEGO  POCZ\u0118CIA  NMP w Dziadowej K\u0142odzie,.\u00a0Diecezja Kaliska\u00a02024r.<\/p>\n\n\n\n<div class=\"wp-block-file\"><a id=\"wp-block-file--media-69670427-92da-4c19-9027-72e615aee337\" href=\"http:\/\/parafiadziadowakloda.pl\/wp-content\/uploads\/2024\/08\/Standardy-ochrony-dzieci-i-mlodziezy-par.-Dziadowa-Kloda.docx\">Standardy-ochrony-dzieci-i-mlodziezy-par.-Dziadowa-Kloda<\/a><a href=\"http:\/\/parafiadziadowakloda.pl\/wp-content\/uploads\/2024\/08\/Standardy-ochrony-dzieci-i-mlodziezy-par.-Dziadowa-Kloda.docx\" class=\"wp-block-file__button\" download aria-describedby=\"wp-block-file--media-69670427-92da-4c19-9027-72e615aee337\">Pobierz<\/a><\/div>\n","protected":false},"excerpt":{"rendered":"<p>STANDARDY OCHRONY DZIECI I M\u0141ODZIE\u017bY Parafii Rzymskokatolickiej NIEPOKALANEGO POCZ\u0118CIA NMP w Dziadowej K\u0142odzie,.\u00a0Diecezja Kaliska\u00a02024r.<\/p>\n","protected":false},"author":2,"featured_media":0,"parent":0,"menu_order":8,"comment_status":"closed","ping_status":"closed","template":"","meta":[],"_links":{"self":[{"href":"http:\/\/parafiadziadowakloda.pl\/index.php?rest_route=\/wp\/v2\/pages\/1399"}],"collection":[{"href":"http:\/\/parafiadziadowakloda.pl\/index.php?rest_route=\/wp\/v2\/pages"}],"about":[{"href":"http:\/\/parafiadziadowakloda.pl\/index.php?rest_route=\/wp\/v2\/types\/page"}],"author":[{"embeddable":true,"href":"http:\/\/parafiadziadowakloda.pl\/index.php?rest_route=\/wp\/v2\/users\/2"}],"replies":[{"embeddable":true,"href":"http:\/\/parafiadziadowakloda.pl\/index.php?rest_route=%2Fwp%2Fv2%2Fcomments&post=1399"}],"version-history":[{"count":9,"href":"http:\/\/parafiadziadowakloda.pl\/index.php?rest_route=\/wp\/v2\/pages\/1399\/revisions"}],"predecessor-version":[{"id":1412,"href":"http:\/\/parafiadziadowakloda.pl\/index.php?rest_route=\/wp\/v2\/pages\/1399\/revisions\/1412"}],"wp:attachment":[{"href":"http:\/\/parafiadziadowakloda.pl\/index.php?rest_route=%2Fwp%2Fv2%2Fmedia&parent=1399"}],"curies":[{"name":"wp","href":"https:\/\/api.w.org\/{rel}","templated":true}]}}