{"id":402,"date":"2017-09-21T10:16:11","date_gmt":"2017-09-21T08:16:11","guid":{"rendered":"http:\/\/parafiadziadowakloda.pl\/?page_id=402"},"modified":"2017-09-21T10:25:51","modified_gmt":"2017-09-21T08:25:51","slug":"eucharystia","status":"publish","type":"page","link":"http:\/\/parafiadziadowakloda.pl\/?page_id=402","title":{"rendered":"Eucharystia"},"content":{"rendered":"<p>Eucharystia\u00a0jest \u201e\u017ar\u00f3d\u0142em i zarazem szczytem ca\u0142ego \u017cycia chrze\u015bcija\u0144skiego\u201d. Chrystus Pan powiedzia\u0142 wyra\u017anie: \u201eJe\u017celi nie b\u0119dziecie spo\u017cywali Cia\u0142a Syna Cz\u0142owieczego i nie b\u0119dziecie pili Krwi Jego, nie b\u0119dziecie mieli \u017cycia w sobie. Kto spo\u017cywa moje Cia\u0142o i pije moj\u0105 Krew, ma \u017cycie wieczne, a Ja go wskrzesz\u0119 w dniu ostatecznym\u201d (J 6,53-54)<\/p>\n<p>Ko\u015bci\u00f3\u0142 otrzyma\u0142 od Chrystusa jako dar najwi\u0119kszy Eucharysti\u0119. Dlatego Ko\u015bci\u00f3\u0142 troszczy si\u0119, aby chrze\u015bcijanie dobrze rozumieli tajemnic\u0119 Eucharystii, \u015bwiadomie, aktywnie, pobo\u017cnie i owocnie w niej uczestniczyli. Czyni to szczeg\u00f3lnie podczas przygotowania dzieci do pierwszego, pe\u0142nego uczestnictwa w Eucharystii. Przygotowanie to zmierza do wyrobienia u dzieci postawy dysponuj\u0105cej do w\u0142a\u015bciwego prze\u017cywania Eucharystii. Wa\u017cnym elementem tego przygotowania jest te\u017c sam przebieg i prze\u017cycie przez dzieci uroczysto\u015bci pierwszej spowiedzi i Komunii \u015awi\u0119tej.<\/p>\n<p>Bezpo\u015brednie przygotowanie do pierwszej spowiedzi i pierwszego pe\u0142nego uczestnictwa we Mszy \u015bw. rozpoczyna si\u0119 w klasie III poprzez katechizacj\u0119 i spotkania w parafii. Rodzice do tego wydarzenia przygotowuj\u0105 dziecko ju\u017c od samego urodzenia poprzez wsp\u00f3ln\u0105 modlitw\u0119, pacierz, udzia\u0142 w \u017cyciu liturgicznym parafii, Msz\u0119 \u015awi\u0119t\u0105. W ten spos\u00f3b dzieci b\u0119d\u0105 uczy\u0142y si\u0119, i\u017c rezultatem drogi nawr\u00f3cenia jest wej\u015bcie w komuni\u0119 z Bogiem i Ko\u015bcio\u0142em, kt\u00f3ra najpe\u0142niej wyra\u017ca si\u0119 w ponownym przyst\u0119powaniu do Eucharystii.<\/p>\n<p>Dzie\u0144 Pierwszej Komunii \u015bwi\u0119tej to\u00a0 spotkanie si\u0119 z niepoj\u0119tym Bogiem, kt\u00f3ry objawia si\u0119 cz\u0142owiekowi z ca\u0142\u0105 pe\u0142ni\u0105 swoich dar\u00f3w, pod postaciami Chleba i Wina. Po drodze jednak do o\u0142tarza dziecko zatrzyma\u0107 si\u0119 musi przy konfesjonale. Rodzice powinni w mo\u017cliwie najdelikatniejszy spos\u00f3b pom\u00f3c ksi\u0119dzu przygotowuj\u0105cemu dziecko do Sakramentu Pojednania i Pierwszej Komunii \u015bw. Niech konfesjona\u0142 od pierwszej chwili nie stanie si\u0119 miejscem samooskar\u017cania si\u0119 lecz b\u0119dzie miejscem ca\u0142kowitego oddania si\u0119 przebywaj\u0105cej tam Mi\u0142o\u015bci Jezusa Chrystusa m\u00f3wi\u0105cego przez kap\u0142ana.<\/p>\n<p>Dziecko przyst\u0119puje do I Komunii \u015awi\u0119tej w swojej parafii. Tylko w uzasadnionych sytuacjach mo\u017ce przyst\u0105pi\u0107 do tego sakramentu w innej parafii po przedstawieniu stosownych dokument\u00f3w.<\/p>\n<p>Aby dziecko mog\u0142o przyst\u0105pi\u0107 do I Komunii \u015awi\u0119tej nale\u017cy przedstawi\u0107:<\/p>\n<ul>\n<li>\u015bwiadectwo chrztu, je\u015bli sakrament ten zosta\u0142 przyj\u0119ty, przez dziecko, w innej parafii,<\/li>\n<li>pisemn\u0105 zgod\u0119 Ksi\u0119dza Proboszcza z w\u0142asnej parafii (je\u015bli dziecko nale\u017cy do innej parafii),<\/li>\n<li>za\u015bwiadczenia o ucz\u0119szczaniu na katechizacj\u0119 i przygotowaniu do I Komunii \u015awi\u0119tej wydane przez katechet\u0119.<\/li>\n<\/ul>\n","protected":false},"excerpt":{"rendered":"<p>Eucharystia\u00a0jest \u201e\u017ar\u00f3d\u0142em i zarazem szczytem ca\u0142ego \u017cycia chrze\u015bcija\u0144skiego\u201d. Chrystus Pan powiedzia\u0142 wyra\u017anie: \u201eJe\u017celi nie b\u0119dziecie spo\u017cywali Cia\u0142a Syna Cz\u0142owieczego i nie b\u0119dziecie pili Krwi Jego, nie b\u0119dziecie mieli \u017cycia w sobie. Kto spo\u017cywa moje Cia\u0142o i pije moj\u0105 Krew, ma \u017cycie wieczne, a Ja go wskrzesz\u0119 w dniu ostatecznym\u201d (J 6,53-54) Ko\u015bci\u00f3\u0142 otrzyma\u0142 od Chrystusa <a class=\"read-more\" href=\"http:\/\/parafiadziadowakloda.pl\/?page_id=402\">Czytaj wi\u0119cej&#8230;<\/a><\/p>\n","protected":false},"author":1,"featured_media":0,"parent":295,"menu_order":8,"comment_status":"closed","ping_status":"closed","template":"template-full-width.php","meta":[],"_links":{"self":[{"href":"http:\/\/parafiadziadowakloda.pl\/index.php?rest_route=\/wp\/v2\/pages\/402"}],"collection":[{"href":"http:\/\/parafiadziadowakloda.pl\/index.php?rest_route=\/wp\/v2\/pages"}],"about":[{"href":"http:\/\/parafiadziadowakloda.pl\/index.php?rest_route=\/wp\/v2\/types\/page"}],"author":[{"embeddable":true,"href":"http:\/\/parafiadziadowakloda.pl\/index.php?rest_route=\/wp\/v2\/users\/1"}],"replies":[{"embeddable":true,"href":"http:\/\/parafiadziadowakloda.pl\/index.php?rest_route=%2Fwp%2Fv2%2Fcomments&post=402"}],"version-history":[{"count":2,"href":"http:\/\/parafiadziadowakloda.pl\/index.php?rest_route=\/wp\/v2\/pages\/402\/revisions"}],"predecessor-version":[{"id":413,"href":"http:\/\/parafiadziadowakloda.pl\/index.php?rest_route=\/wp\/v2\/pages\/402\/revisions\/413"}],"up":[{"embeddable":true,"href":"http:\/\/parafiadziadowakloda.pl\/index.php?rest_route=\/wp\/v2\/pages\/295"}],"wp:attachment":[{"href":"http:\/\/parafiadziadowakloda.pl\/index.php?rest_route=%2Fwp%2Fv2%2Fmedia&parent=402"}],"curies":[{"name":"wp","href":"https:\/\/api.w.org\/{rel}","templated":true}]}}