{"id":410,"date":"2017-09-21T10:23:23","date_gmt":"2017-09-21T08:23:23","guid":{"rendered":"http:\/\/parafiadziadowakloda.pl\/?page_id=410"},"modified":"2017-10-29T23:49:42","modified_gmt":"2017-10-29T22:49:42","slug":"malzenstwo","status":"publish","type":"page","link":"http:\/\/parafiadziadowakloda.pl\/?page_id=410","title":{"rendered":"Ma\u0142\u017ce\u0144stwo"},"content":{"rendered":"<p>Ma\u0142\u017ce\u0144stwo b\u0119d\u0105ce g\u0142\u0119bok\u0105 wsp\u00f3lnot\u0105 \u017cycia i mi\u0142o\u015bci nie jest instytucj\u0105 czysto ludzk\u0105. Sam bowiem B\u00f3g jest jego tw\u00f3rc\u0105, gdy\u017c stworzy\u0142 cz\u0142owieka z mi\u0142o\u015bci i powo\u0142a\u0142 go tak\u017ce do mi\u0142o\u015bci trwa\u0142ej i nieodwo\u0142alnej. Od samego pocz\u0105tku Pan B\u00f3g ustanowi\u0142 ma\u0142\u017ce\u0144stwo jako trwa\u0142y i nierozerwalny zwi\u0105zek m\u0119\u017cczyzny i kobiety.<br \/>\nB\u00f3g stworzy\u0142 cz\u0142owieka jako m\u0119\u017cczyzn\u0119 i kobiet\u0119. Z Jego woli maj\u0105 oni tworzy\u0107 wsp\u00f3lnot\u0119, by\u0107 Jego wsp\u00f3\u0142pracownikami w dziele stwarzania cz\u0142owieka. Fundamentem tej wsp\u00f3lnoty ma by\u0107 mi\u0142o\u015b\u0107 wzajemna. Chrystus podni\u00f3s\u0142 ma\u0142\u017ce\u0144stwo do godno\u015bci sakramentu, swoj\u0105 \u0142ask\u0105 u\u015bwi\u0119ca mi\u0142o\u015b\u0107 m\u0119\u017cczyzny i kobiety, umacnia j\u0105 i doskonali.<\/p>\n<p>Zwi\u0105zek ma\u0142\u017ce\u0144ski zawarty w Ko\u015bciele Katolickim jest Sakramentem, kt\u00f3ry z woli Bo\u017cej i ustanowienia Chrystusa jest nierozerwalny, dlatego te\u017c osoby pragn\u0105ce \u017cy\u0107 ze sob\u0105 razem przez ca\u0142e \u017cycie powinny dobrze przygotowa\u0107 si\u0119 do ma\u0142\u017ce\u0144stwa. To przygotowanie dokonuje si\u0119 przez ca\u0142e \u017cycie. Bezpo\u015brednim okresem przygotowania jest narzecze\u0144stwo.<\/p>\n<p><strong>Gdzie mo\u017ce odby\u0107 si\u0119 \u015blub<\/strong><strong><br \/>\n<\/strong>Wed\u0142ug Prawa Ko\u015bcielnego \u015blub powinien odby\u0107 si\u0119 w parafii narzeczonej lub narzeczonego, lub w innym ko\u015bciele .<\/p>\n<p><strong>Kto mo\u017ce zawrze\u0107\u00a0 Sakrament Ma\u0142\u017ce\u0144stwa<\/strong><br \/>\nObowi\u0105zuje zakaz pa\u0144stwowy i ko\u015bcielny zawierania ma\u0142\u017ce\u0144stw przez osoby, kt\u00f3re nie uko\u0144czy\u0142y 18 roku \u017cycia. Dla m\u0119\u017cczyzny zwolnienie od tej granicy nie jest przewidziane. Kobieta, kt\u00f3ra uko\u0144czy\u0142a 16 rok \u017cycia, mo\u017ce uzyska\u0107 zgod\u0119. Wymagane jest w\u00f3wczas spotkanie rodzic\u00f3w z Ks. Proboszczem i wyra\u017cenie pisemnej zgody na zawarcie ma\u0142\u017ce\u0144stwa przez ich dziecko oraz uzyskanie dyspensy ks. biskupa.<\/p>\n<p><strong>\u015alub konkordatowy<\/strong><br \/>\nPo podpisaniu w lipcu 1998 roku ustawy konkordatowej przez Polsk\u0119 i Stolic\u0119 Apostolsk\u0105 wystarczy zawrze\u0107 zwi\u0105zek ma\u0142\u017ce\u0144ski w ko\u015bciele oraz dope\u0142ni\u0107 kilku formalno\u015bci, aby by\u0142 on uznawany przez polskie prawo. Dwie oddzielne ceremonie \u015blubne w ko\u015bciele i Urz\u0119dzie Stanu Cywilnego nie s\u0105 ju\u017c konieczne (cho\u0107 narzeczeni nadal mog\u0105 si\u0119 na nie zdecydowa\u0107).<br \/>\nJe\u015bli przyszli ma\u0142\u017conkowie chc\u0105 mie\u0107 \u015blub konkordatowy trzeba dostarczy\u0107 do parafii dokument z Urz\u0119du Stanu Cywilnego wydany w trzech egzemplarzach. Dokument ten nosi tytu\u0142\u00a0<em>&#8217;Za\u015bwiadczenie stwierdzaj\u0105ce brak okoliczno\u015bci wy\u0142\u0105czaj\u0105cych zawarcie ma\u0142\u017ce\u0144stwa&#8217;<\/em>. Na odwrotnej stronie tego 'Za\u015bwiadczenia&#8217; znajduje si\u0119 formularz dokumentu, kt\u00f3ry b\u0119dzie wype\u0142niony przez parafi\u0119 i duchownego asystuj\u0105cego przy zawarciu ma\u0142\u017ce\u0144stwa. Potrzebny dokument trzeba odebra\u0107 w USC nie wcze\u015bniej ni\u017c trzy miesi\u0105ce przed dat\u0105 \u015blubu. Po przyj\u0119ciu sakramentu ma\u0142\u017ce\u0144stwa jeden egzemplarz otrzymuj\u0105 nowo\u017ce\u0144cy, jeden pozostaje w parafii, jeden przez parafi\u0119 jest przekazany do Urz\u0119du Stanu Cywilnego.<\/p>\n<p><strong>Przygotowanie do Sakramentu Ma\u0142\u017ce\u0144stwa<\/strong><br \/>\nNarzeczeni powinni zg\u0142osi\u0107 zamiar zawarcia Sakramentu Ma\u0142\u017ce\u0144stwa w kancelarii parafialnej\u00a0przynajmniej trzy miesi\u0105ce przed planowanym terminem \u015blubu. W\u00f3wczas otrzymuj\u0105 potrzebne informacje dotycz\u0105ce wszelkich formalno\u015bci zwi\u0105zanych z zawarciem tego Sakramentu.<br \/>\nDo spisania protoko\u0142u przed\u015blubnego narzeczeni zg\u0142aszaj\u0105 si\u0119 do Kancelarii Parafialnej \/narzeczonej lub narzeczonego\/ przynosz\u0105c nast\u0119puj\u0105ce dokumenty:<\/p>\n<ul>\n<li>Dokumenty to\u017csamo\u015bci\u00a0(np. paszport, dow\u00f3d osobisty, prawo jazdy),<\/li>\n<li>\u015awiadectwa chrztu \u015bwi\u0119tego\u00a0&#8211; je\u015bli sakrament Chrztu \u015awi\u0119tego zosta\u0142 udzielony w innej parafii ni\u017c parafia gdzie ma by\u0107 zawarty zwi\u0105zek ma\u0142\u017ce\u0144ski, trzeba dostarczy\u0107 z parafii chrztu dokument za\u015bwiadczaj\u0105cy udzielenie sakramentu chrztu, w kt\u00f3rym jest r\u00f3wnie\u017c adnotacja o przyj\u0119ciu sakramentu bierzmowania, jak i adnotacja stwierdzaj\u0105ca czy nie zosta\u0142o zawarte ma\u0142\u017ce\u0144stwo z inn\u0105 osob\u0105.<br \/>\nDokument ten musi by\u0107 wystawiony nie dawniej ni\u017c 6 miesi\u0119cy przed planowan\u0105 dat\u0105 \u015blubu,<\/li>\n<li>\u015awiadectwo bierzmowania\u00a0&#8211; zazwyczaj jest wpisane na \u015bwiadectwie chrztu, ale je\u015bli nie ma tam adnotacji, to trzeba je uzyska\u0107 w parafii, kt\u00f3rej narzeczona\/ny przyj\u0105\u0142 ten sakrament,<\/li>\n<li>\u015awiadectwo uko\u0144czenia katechizacji szkolnej,<\/li>\n<li>\u015awiadectwo uko\u0144czenia kursu przedma\u0142\u017ce\u0144skiego\u00a0&#8211; w spotkaniach narzeczeni mog\u0105 uczestniczy\u0107 w innych parafiach. Uczestnictwo w nich jest potwierdzane przez osob\u0119 prowadz\u0105c\u0105,<\/li>\n<li>Za\u015bwiadczenie z poradni rodzinnej\u00a0&#8211; w spotkaniach narzeczeni mog\u0105 uczestniczy\u0107 w innych parafiach. Uczestnictwo w nich jest potwierdzane przez osob\u0119 prowadz\u0105c\u0105,<\/li>\n<li>Za\u015bwiadczenie z Urz\u0119du Stanu Cywilnego\u00a0&#8211; stwierdzaj\u0105ce, \u017ce mi\u0119dzy narzeczonymi nie zachodz\u0105 przeszkody prawne do zawarcia kontraktu cywilnego (za\u015bwiadczenie jest wa\u017cne trzy miesi\u0105ce). Niniejszy dokument jest potrzebny w przypadku zawierania \u015blubu konkordatowego,<\/li>\n<li>Je\u017celi kt\u00f3ra\u015b ze stron ma stwierdzenie niewa\u017cno\u015bci poprzedniego ma\u0142\u017ce\u0144stwa potrzebne jest orzeczenie s\u0105du w tej sprawie,<\/li>\n<li>Je\u017celi kt\u00f3ra\u015b ze stron jest wdowcem (wdow\u0105), potrzebne jest\u00a0za\u015bwiadczenie o zgonie wsp\u00f3\u0142ma\u0142\u017conka,<\/li>\n<li>Je\u017celi osoby ju\u017c maj\u0105 \u015blub cywilny przynosz\u0105\u00a0akt zawarcia ma\u0142\u017ce\u0144stwa z USC.<\/li>\n<\/ul>\n<p>Po spisaniu protoko\u0142u, narzeczeni otrzymuj\u0105:<\/p>\n<ul>\n<li>Pro\u015bb\u0119 o wyg\u0142oszenie zapowiedzi (je\u015bli jedna ze stron jest z innej parafii),<\/li>\n<li>Kartki do spowiedzi.<\/li>\n<\/ul>\n<p><strong>Zapowiedzi<\/strong><br \/>\nPrzed zawarciem ma\u0142\u017ce\u0144stwa nale\u017cy si\u0119 upewni\u0107, \u017ce nic nie stoi na przeszkodzie do jego wa\u017cnego i godziwego zawarcia (Kan. 1066). W tym celu og\u0142asza si\u0119 zapowiedzi przed\u015blubne w parafii narzeczonego jak i narzeczonej przez trzy tygodnie.<br \/>\nPo spisaniu protoko\u0142u przed\u015blubnego kap\u0142an wydaje zapowiedzi przed\u015blubne dla narzeczonych, kt\u00f3rzy zamieszkuj\u0105 na terenie innej parafii. Zapowiedzi te nale\u017cy zanie\u015b\u0107 do danej Kancelarii Parafialnej i ustali\u0107 termin odbioru. Po odebraniu zapowiedzi nale\u017cy je dostarczy\u0107 z powrotem do parafii, w kt\u00f3rej odb\u0119dzie si\u0119 ceremonia \u015blubna. Brak zapowiedzi r\u00f3wnowa\u017cny jest z niemo\u017cno\u015bci\u0105 udzielenia Sakramentu Ma\u0142\u017ce\u0144stwa. Zapowiedzi og\u0142asza si\u0119 r\u00f3wnie\u017c w parafii \u015blubu.<\/p>\n<p><strong>Spowied\u017a przed\u015blubna<\/strong><strong><br \/>\n<\/strong>Narzeczeni otrzymuj\u0105 r\u00f3wnie\u017c karteczki do spowiedzi przed\u015blubnej, kt\u00f3re dostarcza si\u0119 w dniu \u015blubu do kancelarii. Przyst\u0119puj\u0105c do spowiedzi, prosz\u0119 si\u0119 przedstawi\u0107 ksi\u0119dzu m\u00f3wi\u0105c: Jest to moja pierwsza \/ druga\/ spowied\u017a przed\u015blubna, wyzna\u0107 grzechy i po spowiedzi poda\u0107 ksi\u0119dzu dyskretnie kartk\u0119.<br \/>\nDo Sakramentu Pokuty i Pojednania narzeczeni przyst\u0119puj\u0105 dwukrotnie. Pierwsza Spowied\u017a powinna odby\u0107 si\u0119 po spisaniu protoko\u0142u przed\u015blubnego, a druga tu\u017c przed \u015blubem, by w stanie \u0142aski u\u015bwi\u0119caj\u0105cej przyst\u0105pi\u0107 do Sakramentu Ma\u0142\u017ce\u0144stwa.<\/p>\n<p><strong>Kto mo\u017ce by\u0107 \u015bwiadkiem na \u015blubie<\/strong><strong><br \/>\n<\/strong>\u015awiadkiem udzielenia sakramentu ma\u0142\u017ce\u0144stwa mog\u0105 by\u0107 osoby pe\u0142noletnie, zdrowe psychicznie. Mog\u0105 by\u0107 nawet innego wyznania.<\/p>\n","protected":false},"excerpt":{"rendered":"<p>Ma\u0142\u017ce\u0144stwo b\u0119d\u0105ce g\u0142\u0119bok\u0105 wsp\u00f3lnot\u0105 \u017cycia i mi\u0142o\u015bci nie jest instytucj\u0105 czysto ludzk\u0105. Sam bowiem B\u00f3g jest jego tw\u00f3rc\u0105, gdy\u017c stworzy\u0142 cz\u0142owieka z mi\u0142o\u015bci i powo\u0142a\u0142 go tak\u017ce do mi\u0142o\u015bci trwa\u0142ej i nieodwo\u0142alnej. Od samego pocz\u0105tku Pan B\u00f3g ustanowi\u0142 ma\u0142\u017ce\u0144stwo jako trwa\u0142y i nierozerwalny zwi\u0105zek m\u0119\u017cczyzny i kobiety. B\u00f3g stworzy\u0142 cz\u0142owieka jako m\u0119\u017cczyzn\u0119 i kobiet\u0119. Z <a class=\"read-more\" href=\"http:\/\/parafiadziadowakloda.pl\/?page_id=410\">Czytaj wi\u0119cej&#8230;<\/a><\/p>\n","protected":false},"author":1,"featured_media":0,"parent":295,"menu_order":12,"comment_status":"closed","ping_status":"closed","template":"template-full-width.php","meta":[],"_links":{"self":[{"href":"http:\/\/parafiadziadowakloda.pl\/index.php?rest_route=\/wp\/v2\/pages\/410"}],"collection":[{"href":"http:\/\/parafiadziadowakloda.pl\/index.php?rest_route=\/wp\/v2\/pages"}],"about":[{"href":"http:\/\/parafiadziadowakloda.pl\/index.php?rest_route=\/wp\/v2\/types\/page"}],"author":[{"embeddable":true,"href":"http:\/\/parafiadziadowakloda.pl\/index.php?rest_route=\/wp\/v2\/users\/1"}],"replies":[{"embeddable":true,"href":"http:\/\/parafiadziadowakloda.pl\/index.php?rest_route=%2Fwp%2Fv2%2Fcomments&post=410"}],"version-history":[{"count":3,"href":"http:\/\/parafiadziadowakloda.pl\/index.php?rest_route=\/wp\/v2\/pages\/410\/revisions"}],"predecessor-version":[{"id":520,"href":"http:\/\/parafiadziadowakloda.pl\/index.php?rest_route=\/wp\/v2\/pages\/410\/revisions\/520"}],"up":[{"embeddable":true,"href":"http:\/\/parafiadziadowakloda.pl\/index.php?rest_route=\/wp\/v2\/pages\/295"}],"wp:attachment":[{"href":"http:\/\/parafiadziadowakloda.pl\/index.php?rest_route=%2Fwp%2Fv2%2Fmedia&parent=410"}],"curies":[{"name":"wp","href":"https:\/\/api.w.org\/{rel}","templated":true}]}}