{"id":9,"date":"2017-07-16T23:42:56","date_gmt":"2017-07-16T21:42:56","guid":{"rendered":"http:\/\/parafiadziadowakloda.pl\/?page_id=9"},"modified":"2019-11-03T22:50:16","modified_gmt":"2019-11-03T21:50:16","slug":"kontakt","status":"publish","type":"page","link":"http:\/\/parafiadziadowakloda.pl\/?page_id=9","title":{"rendered":"Kontakt"},"content":{"rendered":"<div id=\"pl-9\"  class=\"panel-layout\" ><div id=\"pg-9-0\"  class=\"panel-grid panel-no-style\" ><div id=\"pgc-9-0-0\"  class=\"panel-grid-cell\" ><div id=\"panel-9-0-0-0\" class=\"so-panel widget widget_text panel-first-child\" data-index=\"0\" >\t\t\t<div class=\"textwidget\"><p><strong>Parafia Rzymsko-Katolicka pod wezwaniem Niepokalanego Pocz\u0119cia Naj\u015bwi\u0119tszej Maryi Panny <\/strong><\/p>\n<p><strong>ul. Ko\u015bcielna 2<\/strong><\/p>\n<p><strong>56-504 Dziadowa K\u0142oda<\/strong><\/p>\n<p><strong>tel. <em>62 785 18 23<\/em><\/strong><\/p>\n<p><strong>e-mail: kontakt@parafiadziadowakloda.pl<\/strong><\/p>\n<p><strong>Nr konta bankowego parafii<\/strong><\/p>\n<p><strong>28 9584 1076 2007 0700 5389 0001<\/strong><\/p>\n<\/div>\n\t\t<\/div><div id=\"panel-9-0-0-1\" class=\"so-panel widget widget_sow-contact-form panel-last-child\" data-index=\"1\" ><div\n\t\t\t\n\t\t\tclass=\"so-widget-sow-contact-form so-widget-sow-contact-form-default-cfddfb80162e-9\"\n\t\t\t\n\t\t><h3 class=\"widget-title\">Kontakt z parafi\u0105<\/h3>\t<form action=\"#contact-form-9864\"\n\t\tmethod=\"POST\" class=\"sow-contact-form\" id=\"contact-form-9864\">\n\n\t\t\n\t\t            <div class=\"sow-form-field sow-form-field-name\"><label class=\"sow-form-field-label-above\" for=\"sow-contact-form-field-twoje-imi-i-nazwisko-59c7fda3716bf\">\n\t\t\t\t<strong>\n\t\t\t\t\tTwoje imi\u0119 i nazwisko\t\t\t\t\t\t\t\t\t<\/strong>\n\t\t\t<\/label>\n\t\t\t<span class=\"sow-field-container\">\t\t<input\n\t\t\ttype=\"text\"\n\t\t\tname=\"twoje-imi-i-nazwisko-59c7fda3716bf\"\n\t\t\tid=\"sow-contact-form-field-twoje-imi-i-nazwisko-59c7fda3716bf\"\n\t\t\tvalue=\"\"\n\t\t\tclass=\"sow-text-field\"\n\t\t\t\t\t\/>\n\t\t<\/span><\/div>            <div class=\"sow-form-field sow-form-field-email\"><label class=\"sow-form-field-label-above\" for=\"sow-contact-form-field-twj-adres-e-mail-59c7fda3716bf\">\n\t\t\t\t<strong>\n\t\t\t\t\tTw\u00f3j adres e-mail\t\t\t\t\t\t\t\t\t<\/strong>\n\t\t\t<\/label>\n\t\t\t<span class=\"sow-field-container\">\t\t<input\n\t\t\ttype=\"email\"\n\t\t\tname=\"twj-adres-e-mail-59c7fda3716bf\"\n\t\t\tid=\"sow-contact-form-field-twj-adres-e-mail-59c7fda3716bf\"\n\t\t\tvalue=\"\"\n\t\t\tclass=\"sow-text-field\"\t\t\t\t\t\/>\n\t\t<\/span><\/div>            <div class=\"sow-form-field sow-form-field-subject\"><label class=\"sow-form-field-label-above\" for=\"sow-contact-form-field-temat-59c7fda3716bf\">\n\t\t\t\t<strong>\n\t\t\t\t\tTemat\t\t\t\t\t\t\t\t\t<\/strong>\n\t\t\t<\/label>\n\t\t\t<span class=\"sow-field-container\">\t\t<input\n\t\t\ttype=\"text\"\n\t\t\tname=\"temat-59c7fda3716bf\"\n\t\t\tid=\"sow-contact-form-field-temat-59c7fda3716bf\"\n\t\t\tvalue=\"\"\n\t\t\tclass=\"sow-text-field\"\n\t\t\t\t\t\t\t\t\/>\n\t\t<\/span><\/div>            <div class=\"sow-form-field sow-form-field-textarea\"><label class=\"sow-form-field-label-above\" for=\"sow-contact-form-field-wiadomo-59c7fda3716bf\">\n\t\t\t\t<strong>\n\t\t\t\t\tWiadomo\u015b\u0107\t\t\t\t\t\t\t\t\t<\/strong>\n\t\t\t<\/label>\n\t\t\t<span class=\"sow-field-container\">\t\t<textarea\n\t\t\tname=\"wiadomo-59c7fda3716bf\"\n\t\t\tid=\"sow-contact-form-field-wiadomo-59c7fda3716bf\"\n\t\t\trows=\"10\"\n\t\t\t\t\t\t\t\t><\/textarea>\n\t\t<\/span><\/div>\t\t<input type=\"hidden\" name=\"instance_hash\" value=\"98641438c165693f6cb3cc3032952ab6\" \/>\n\t\t<input type=\"hidden\" id=\"_wpnonce\" name=\"_wpnonce\" value=\"ac869c10b3\" \/><input type=\"hidden\" name=\"_wp_http_referer\" value=\"\/index.php?rest_route=%2Fwp%2Fv2%2Fpages%2F9\" \/>\n\t\t\n\t\t\t\t<div class=\"sow-submit-wrapper sow-submit-styled\">\n\n\t\t<button class=\"sow-submit\"\n\t\t\t\t\t\t\t\t>\n\t\t\tWy\u015blij wiadomo\u015b\u0107.\t\t<\/button>\n\n\t\t<\/div>\n\t<\/form>\n\t<\/div><\/div><\/div><\/div><\/div>","protected":false},"excerpt":{"rendered":"<p>Parafia Rzymsko-Katolicka pod wezwaniem Niepokalanego Pocz\u0119cia Naj\u015bwi\u0119tszej Maryi Panny ul. Ko\u015bcielna 2 56-504 Dziadowa K\u0142oda tel. 62 785 18 23 e-mail: kontakt@parafiadziadowakloda.pl Nr konta bankowego parafii 28 9584 1076 2007 0700 5389 0001<\/p>\n","protected":false},"author":1,"featured_media":0,"parent":0,"menu_order":6,"comment_status":"closed","ping_status":"closed","template":"","meta":[],"_links":{"self":[{"href":"http:\/\/parafiadziadowakloda.pl\/index.php?rest_route=\/wp\/v2\/pages\/9"}],"collection":[{"href":"http:\/\/parafiadziadowakloda.pl\/index.php?rest_route=\/wp\/v2\/pages"}],"about":[{"href":"http:\/\/parafiadziadowakloda.pl\/index.php?rest_route=\/wp\/v2\/types\/page"}],"author":[{"embeddable":true,"href":"http:\/\/parafiadziadowakloda.pl\/index.php?rest_route=\/wp\/v2\/users\/1"}],"replies":[{"embeddable":true,"href":"http:\/\/parafiadziadowakloda.pl\/index.php?rest_route=%2Fwp%2Fv2%2Fcomments&post=9"}],"version-history":[{"count":34,"href":"http:\/\/parafiadziadowakloda.pl\/index.php?rest_route=\/wp\/v2\/pages\/9\/revisions"}],"predecessor-version":[{"id":762,"href":"http:\/\/parafiadziadowakloda.pl\/index.php?rest_route=\/wp\/v2\/pages\/9\/revisions\/762"}],"wp:attachment":[{"href":"http:\/\/parafiadziadowakloda.pl\/index.php?rest_route=%2Fwp%2Fv2%2Fmedia&parent=9"}],"curies":[{"name":"wp","href":"https:\/\/api.w.org\/{rel}","templated":true}]}}